{"id":2484,"date":"2024-01-24T17:55:23","date_gmt":"2024-01-24T16:55:23","guid":{"rendered":"https:\/\/outventure-x.com\/o-nas\/"},"modified":"2025-06-11T14:47:20","modified_gmt":"2025-06-11T12:47:20","slug":"o-nas","status":"publish","type":"page","link":"https:\/\/outventure-x.com\/sl\/o-nas\/","title":{"rendered":"O nas"},"content":{"rendered":"<p>[et_pb_section fb_built=&#8221;1&#8243; _builder_version=&#8221;4.23.1&#8243; _module_preset=&#8221;default&#8221; background_color=&#8221;rgba(8,48,40,0.4)&#8221; background_image=&#8221;https:\/\/outventure-x.com\/wp-content\/uploads\/2024\/01\/Triglav-HD_Jost_Gantar-1.jpg&#8221; background_blend=&#8221;darken&#8221; min_height=&#8221;500px&#8221; custom_css_free_form=&#8221;selector {||  display: flex;||}&#8221; locked=&#8221;off&#8221; global_colors_info=&#8221;{}&#8221;][et_pb_row _builder_version=&#8221;4.23.1&#8243; _module_preset=&#8221;default&#8221; global_colors_info=&#8221;{}&#8221;][et_pb_column type=&#8221;4_4&#8243; _builder_version=&#8221;4.23.1&#8243; _module_preset=&#8221;default&#8221; global_colors_info=&#8221;{}&#8221;][et_pb_heading title=&#8221;@ET-DC@eyJkeW5hbWljIjp0cnVlLCJjb250ZW50IjoicG9zdF90aXRsZSIsInNldHRpbmdzIjp7ImJlZm9yZSI6IiIsImFmdGVyIjoiIn19@&#8221; module_class=&#8221;product-title&#8221; _builder_version=&#8221;4.23.1&#8243; _dynamic_attributes=&#8221;title&#8221; _module_preset=&#8221;default&#8221; title_font=&#8221;|||on|||||&#8221; title_text_color=&#8221;#FFFFFF&#8221; title_font_size=&#8221;50px&#8221; custom_margin=&#8221;||0px||false|false&#8221; custom_padding=&#8221;||||false|false&#8221; title_font_size_tablet=&#8221;50px&#8221; title_font_size_phone=&#8221;30px&#8221; title_font_size_last_edited=&#8221;on|phone&#8221; global_colors_info=&#8221;{}&#8221;][\/et_pb_heading][et_pb_text _builder_version=&#8221;4.23.1&#8243; _module_preset=&#8221;default&#8221; text_font=&#8221;|||on|||||&#8221; text_text_color=&#8221;#FFFFFF&#8221; text_font_size=&#8221;15px&#8221; header_font=&#8221;|||on|||||&#8221; custom_margin=&#8221;||50px||false|false&#8221; custom_padding=&#8221;||||false|false&#8221; global_colors_info=&#8221;{}&#8221;]<\/p>\n<p>CHECK OUR ADVENTURES BELLOW<\/p>\n<p>[\/et_pb_text][\/et_pb_column][\/et_pb_row][\/et_pb_section][et_pb_section fb_built=&#8221;1&#8243; theme_builder_area=&#8221;post_content&#8221; _builder_version=&#8221;4.23.1&#8243; _module_preset=&#8221;default&#8221;][et_pb_row _builder_version=&#8221;4.23.1&#8243; _module_preset=&#8221;default&#8221; theme_builder_area=&#8221;post_content&#8221;][et_pb_column _builder_version=&#8221;4.23.1&#8243; _module_preset=&#8221;default&#8221; type=&#8221;4_4&#8243; theme_builder_area=&#8221;post_content&#8221;][et_pb_video _builder_version=&#8221;4.23.1&#8243; _module_preset=&#8221;default&#8221; theme_builder_area=&#8221;post_content&#8221; hover_enabled=&#8221;0&#8243; sticky_enabled=&#8221;0&#8243; title_text=&#8221;OV_full_black&#8221; src_webm=&#8221;https:\/\/outventure-x.com\/wp-content\/uploads\/2024\/01\/OurStoryVideo.mp4&#8243; image_src=&#8221;https:\/\/outventure-x.com\/wp-content\/uploads\/2024\/01\/OV_full_black.jpg&#8221;][\/et_pb_video][\/et_pb_column][\/et_pb_row][et_pb_row _builder_version=&#8221;4.23.1&#8243; _module_preset=&#8221;default&#8221; global_colors_info=&#8221;{}&#8221; locked=&#8221;off&#8221; theme_builder_area=&#8221;post_content&#8221;][et_pb_column type=&#8221;4_4&#8243; _builder_version=&#8221;4.23.1&#8243; _module_preset=&#8221;default&#8221; global_colors_info=&#8221;{}&#8221; theme_builder_area=&#8221;post_content&#8221;][et_pb_heading title=&#8221;O nas&#8221; _builder_version=&#8221;4.23.1&#8243; _module_preset=&#8221;default&#8221; title_text_align=&#8221;center&#8221; custom_margin=&#8221;||15px||false|false&#8221; hover_enabled=&#8221;0&#8243; global_colors_info=&#8221;{}&#8221; theme_builder_area=&#8221;post_content&#8221; sticky_enabled=&#8221;0&#8243;][\/et_pb_heading][et_pb_divider color=&#8221;#FA2B00&#8243; divider_weight=&#8221;2px&#8221; _builder_version=&#8221;4.23.1&#8243; _module_preset=&#8221;default&#8221; width=&#8221;80px&#8221; module_alignment=&#8221;center&#8221; global_colors_info=&#8221;{}&#8221; theme_builder_area=&#8221;post_content&#8221;][\/et_pb_divider][\/et_pb_column][\/et_pb_row][et_pb_row _builder_version=&#8221;4.23.1&#8243; _module_preset=&#8221;default&#8221; theme_builder_area=&#8221;post_content&#8221;][et_pb_column _builder_version=&#8221;4.23.1&#8243; _module_preset=&#8221;default&#8221; type=&#8221;4_4&#8243; theme_builder_area=&#8221;post_content&#8221;][et_pb_text _builder_version=&#8221;4.23.1&#8243; _module_preset=&#8221;default&#8221; theme_builder_area=&#8221;post_content&#8221; hover_enabled=&#8221;0&#8243; sticky_enabled=&#8221;0&#8243;]<\/p>\n<p style=\"text-align: center;\">Pred teboj se odpira \u010disto nov svet. Vstopi vanj in mu z zaupanjem dovoli, da te zopet spomni, kako je, ko \u017eivi\u0161 polno.<\/p>\n<p style=\"text-align: center;\">\u00a0<\/p>\n<p style=\"text-align: center;\">Zadihaj in nahrani svojo pustolovsko du\u0161o z novim do\u017eivetjem.<\/p>\n<p style=\"text-align: center;\">\u00a0<\/p>\n<p style=\"text-align: center;\">Izstopi iz utrujajo\u010dega vsakdana in v globinah svoje biti pri\u017egi svoj pravi jaz.<\/p>\n<p style=\"text-align: center;\">\u00a0<\/p>\n<p style=\"text-align: center;\">Svet, v katerem \u017eivimo, nas ves \u010das odvra\u010da od nas samih. Njegovo udobje nam prepre\u010duje, da bi tvegali in se premaknili dlje.<\/p>\n<p style=\"text-align: center;\">\u00a0<\/p>\n<p style=\"text-align: center;\">Vendar status quo \u2013 to nismo mi. Globoko v sebi vemo, da smo pustolovci, \u017eeljni pristnega stika z naravo.<\/p>\n<p style=\"text-align: center;\">\u00a0<\/p>\n<p style=\"text-align: center;\">Polno \u017eiveti od nas zahteva, da prestopimo meje udobja in preko njih odkrivamo nove poti, stene in steze, gore in doline, nove na\u010dine, nove izku\u0161nje in nove dogodiv\u0161\u010dine.<\/p>\n<p style=\"text-align: center;\">\u00a0<\/p>\n<p style=\"text-align: center;\">Ne ustra\u0161i se, ko tvojo du\u0161o preplavi vznemirjenje in strast. Pusti ji, da se osve\u017ei. Pusti ji, da diha.<\/p>\n<p style=\"text-align: center;\">\u00a0<\/p>\n<p style=\"text-align: center;\">To ni le izlet v neznano, ampak <strong>OutVentureX<\/strong> \u2013 zakladnica podvigov za vse svojeglave posebne\u017ee, ki si \u017eelijo preko lastnih meja odkriti tisto, kar mnogim ostane skrito.<\/p>\n<p style=\"text-align: center;\"><em>\u00a0<\/em><\/p>\n<p style=\"text-align: center;\">Odkrivati svet zunaj spreminja svet od znotraj.<\/p>\n<p style=\"text-align: center;\">\u00a0<\/p>\n<p style=\"text-align: center;\"><strong>RAZISKUJ S STRASTJO<\/strong><\/p>\n<p style=\"text-align: center;\"><strong>\u00a0<\/strong><\/p>\n<p style=\"text-align: center;\"><strong>OUTVENTUREX<\/strong><\/p>\n<p>[\/et_pb_text][et_pb_heading title=&#8221;EXPLORE WITH PASSION&#8221; _builder_version=&#8221;4.23.1&#8243; _module_preset=&#8221;default&#8221; theme_builder_area=&#8221;post_content&#8221; hover_enabled=&#8221;0&#8243; sticky_enabled=&#8221;0&#8243; title_level=&#8221;h2&#8243; title_text_align=&#8221;center&#8221; custom_margin=&#8221;||||false|false&#8221; custom_padding=&#8221;50px||||false|false&#8221; title_text_color=&#8221;#FA2B00&#8243;][\/et_pb_heading][et_pb_heading title=&#8221;OUTVENTUREX&#8221; _builder_version=&#8221;4.23.1&#8243; _module_preset=&#8221;default&#8221; theme_builder_area=&#8221;post_content&#8221; hover_enabled=&#8221;0&#8243; sticky_enabled=&#8221;0&#8243; title_level=&#8221;h3&#8243; title_text_align=&#8221;center&#8221;][\/et_pb_heading][\/et_pb_column][\/et_pb_row][\/et_pb_section]<\/p>\n","protected":false},"excerpt":{"rendered":"<p>CHECK OUR ADVENTURES BELLOWPred teboj se odpira \u010disto nov svet. Vstopi vanj in mu z zaupanjem dovoli, da te zopet spomni, kako je, ko \u017eivi\u0161 polno. \u00a0 Zadihaj in nahrani svojo pustolovsko du\u0161o z novim do\u017eivetjem. \u00a0 Izstopi iz utrujajo\u010dega vsakdana in v globinah svoje biti pri\u017egi svoj pravi jaz. \u00a0 Svet, v katerem \u017eivimo, nas ves \u010das odvra\u010da od nas samih. Njegovo udobje nam prepre\u010duje, da bi tvegali in se premaknili dlje. \u00a0 Vendar status quo \u2013 to nismo mi. Globoko v sebi vemo, da smo pustolovci, \u017eeljni pristnega stika z naravo. \u00a0 Polno \u017eiveti od nas zahteva, da prestopimo meje udobja in preko njih odkrivamo nove poti, stene in steze, gore in doline, nove na\u010dine, nove izku\u0161nje in nove dogodiv\u0161\u010dine. \u00a0 Ne ustra\u0161i se, ko tvojo du\u0161o preplavi vznemirjenje in strast. Pusti ji, da se osve\u017ei. Pusti ji, da diha. \u00a0 To ni le izlet v neznano, ampak OutVentureX \u2013 zakladnica podvigov za vse svojeglave posebne\u017ee, ki si \u017eelijo preko lastnih meja odkriti tisto, kar mnogim ostane skrito. \u00a0 Odkrivati svet zunaj spreminja svet od znotraj. \u00a0 RAZISKUJ S STRASTJO \u00a0 OUTVENTUREX<\/p>\n","protected":false},"author":1,"featured_media":0,"parent":0,"menu_order":0,"comment_status":"closed","ping_status":"closed","template":"","meta":{"_et_pb_use_builder":"on","_et_pb_old_content":"","_et_gb_content_width":"","inline_featured_image":false,"footnotes":"","_et_pb_custom_css":".product-list {\n    display: flex;\n    flex-wrap: wrap;\n    min-height: 250px;\n    column-gap: 20px;\n    margin-bottom: 50px;\n  }\n  \n  .product-list-left {\n    flex: 1 0 30%;\n    overflow:hidden;\n  }\n  \n  .product-list-left-image {\n    background: blue;\n    height: 100%;\n    min-width: 250px;\n    background: url(https:\/\/outventure-x.com\/wp-content\/uploads\/2024\/01\/Ice-climbing5.jpg);\n    background-size: cover !important;\n    background-position: 50% 50%;\n    border-radius: 3px;\n    min-height: 250px;\n    transition: transform 0.5s; \n\n  }\n  \n  .product-list:hover .product-list-left-image {\n\t transform: scale(1.1);\n\t}\n  \n  .product-list-right {\n    flex: 1 0 65%;\n    padding: 20px;\n  }\n  \n  .product-list .product-list-right-line {\n    height: 2px;\n    background: #083028;\n    width: 30%;\n    margin-bottom: 20px;\n\t\ttransition: width 0.5s; \n  }\n  \n  .product-list .product-list-action {\n    margin-top: 30px;\n    text-align: left;\n  }\n  \n  .product-list .product-list-action > a {\n    background: #083028;\n    font-family: bristone;\n    color: white !important;\n    padding: 10px 15px 10px 15px;\n    width: fit-content;\n    border-radius: 3px;\n    transition: background 0.3s; \n  }\n\n  .product-list .product-list-action > a:hover {\n    background: #fa2b00;\n  }\n  \n  .product-list:hover .product-list-right-line {\n\t width: 70%;\n\t}"},"acf":[],"_et_pb_custom_css":".product-list {\n    display: flex;\n    flex-wrap: wrap;\n    min-height: 250px;\n    column-gap: 20px;\n    margin-bottom: 50px;\n  }\n  \n  .product-list-left {\n    flex: 1 0 30%;\n    overflow:hidden;\n  }\n  \n  .product-list-left-image {\n    background: blue;\n    height: 100%;\n    min-width: 250px;\n    background: url(https:\/\/outventure-x.com\/wp-content\/uploads\/2024\/01\/Ice-climbing5.jpg);\n    background-size: cover !important;\n    background-position: 50% 50%;\n    border-radius: 3px;\n    min-height: 250px;\n    transition: transform 0.5s; \n\n  }\n  \n  .product-list:hover .product-list-left-image {\n\t transform: scale(1.1);\n\t}\n  \n  .product-list-right {\n    flex: 1 0 65%;\n    padding: 20px;\n  }\n  \n  .product-list .product-list-right-line {\n    height: 2px;\n    background: #083028;\n    width: 30%;\n    margin-bottom: 20px;\n\t\ttransition: width 0.5s; \n  }\n  \n  .product-list .product-list-action {\n    margin-top: 30px;\n    text-align: left;\n  }\n  \n  .product-list .product-list-action > a {\n    background: #083028;\n    font-family: bristone;\n    color: white !important;\n    padding: 10px 15px 10px 15px;\n    width: fit-content;\n    border-radius: 3px;\n    transition: background 0.3s; \n  }\n\n  .product-list .product-list-action > a:hover {\n    background: #fa2b00;\n  }\n  \n  .product-list:hover .product-list-right-line {\n\t width: 70%;\n\t}","yoast_head":"<!-- This site is optimized with the Yoast SEO plugin v21.9 - https:\/\/yoast.com\/wordpress\/plugins\/seo\/ -->\n<title>Na\u0161a zgodba | Transformacijska do\u017eivetja Slovenija - OVX<\/title>\n<meta name=\"description\" content=\"OVX je ve\u010d kot pustolovsko potovanje v Sloveniji. To je potovanje z ve\u010djim ciljem, notranjo rastjo in nepozabnimi gorski do\u017eivetji.\" \/>\n<meta name=\"robots\" content=\"index, follow, max-snippet:-1, max-image-preview:large, max-video-preview:-1\" \/>\n<link rel=\"canonical\" href=\"https:\/\/outventure-x.com\/our-story\/\" \/>\n<meta property=\"og:locale\" content=\"sl_SI\" \/>\n<meta property=\"og:type\" content=\"article\" \/>\n<meta property=\"og:title\" content=\"Na\u0161a zgodba | Transformacijska do\u017eivetja Slovenija - OVX\" \/>\n<meta property=\"og:description\" content=\"OVX je ve\u010d kot pustolovsko potovanje v Sloveniji. To je potovanje z ve\u010djim ciljem, notranjo rastjo in nepozabnimi gorski do\u017eivetji.\" \/>\n<meta property=\"og:url\" content=\"https:\/\/outventure-x.com\/our-story\/\" \/>\n<meta property=\"og:site_name\" content=\"OutventureX\" \/>\n<meta property=\"article:publisher\" content=\"https:\/\/www.facebook.com\/BeActive.SportnaOblacila\" \/>\n<meta property=\"article:modified_time\" content=\"2025-06-11T12:47:20+00:00\" \/>\n<meta name=\"twitter:card\" content=\"summary_large_image\" \/>\n<meta name=\"twitter:label1\" content=\"Est. reading time\" \/>\n\t<meta name=\"twitter:data1\" content=\"3 minute\" \/>\n<script type=\"application\/ld+json\" class=\"yoast-schema-graph\">{\"@context\":\"https:\/\/schema.org\",\"@graph\":[{\"@type\":\"WebPage\",\"@id\":\"https:\/\/outventure-x.com\/our-story\/\",\"url\":\"https:\/\/outventure-x.com\/our-story\/\",\"name\":\"Na\u0161a zgodba | Transformacijska do\u017eivetja Slovenija - OVX\",\"isPartOf\":{\"@id\":\"https:\/\/outventure-x.com\/#website\"},\"datePublished\":\"2024-01-24T16:55:23+00:00\",\"dateModified\":\"2025-06-11T12:47:20+00:00\",\"description\":\"OVX je ve\u010d kot pustolovsko potovanje v Sloveniji. To je potovanje z ve\u010djim ciljem, notranjo rastjo in nepozabnimi gorski do\u017eivetji.\",\"inLanguage\":\"sl-SI\",\"potentialAction\":[{\"@type\":\"ReadAction\",\"target\":[\"https:\/\/outventure-x.com\/our-story\/\"]}]},{\"@type\":\"WebSite\",\"@id\":\"https:\/\/outventure-x.com\/#website\",\"url\":\"https:\/\/outventure-x.com\/\",\"name\":\"OutventureX\",\"description\":\"test\",\"publisher\":{\"@id\":\"https:\/\/outventure-x.com\/#organization\"},\"alternateName\":\"OutventureX\",\"potentialAction\":[{\"@type\":\"SearchAction\",\"target\":{\"@type\":\"EntryPoint\",\"urlTemplate\":\"https:\/\/outventure-x.com\/?s={search_term_string}\"},\"query-input\":\"required name=search_term_string\"}],\"inLanguage\":\"sl-SI\"},{\"@type\":\"Organization\",\"@id\":\"https:\/\/outventure-x.com\/#organization\",\"name\":\"OutventureX\",\"url\":\"https:\/\/outventure-x.com\/\",\"logo\":{\"@type\":\"ImageObject\",\"inLanguage\":\"sl-SI\",\"@id\":\"https:\/\/outventure-x.com\/#\/schema\/logo\/image\/\",\"url\":\"https:\/\/outventure-x.com\/wp-content\/uploads\/2023\/11\/OV_full.svg\",\"contentUrl\":\"https:\/\/outventure-x.com\/wp-content\/uploads\/2023\/11\/OV_full.svg\",\"width\":\"1024\",\"height\":\"1024\",\"caption\":\"OutventureX\"},\"image\":{\"@id\":\"https:\/\/outventure-x.com\/#\/schema\/logo\/image\/\"},\"sameAs\":[\"https:\/\/www.facebook.com\/BeActive.SportnaOblacila\",\"https:\/\/www.instagram.com\/outventure_x\/\"]}]}<\/script>\n<!-- \/ Yoast SEO plugin. -->","yoast_head_json":{"title":"Na\u0161a zgodba | Transformacijska do\u017eivetja Slovenija - OVX","description":"OVX je ve\u010d kot pustolovsko potovanje v Sloveniji. To je potovanje z ve\u010djim ciljem, notranjo rastjo in nepozabnimi gorski do\u017eivetji.","robots":{"index":"index","follow":"follow","max-snippet":"max-snippet:-1","max-image-preview":"max-image-preview:large","max-video-preview":"max-video-preview:-1"},"canonical":"https:\/\/outventure-x.com\/our-story\/","og_locale":"sl_SI","og_type":"article","og_title":"Na\u0161a zgodba | Transformacijska do\u017eivetja Slovenija - OVX","og_description":"OVX je ve\u010d kot pustolovsko potovanje v Sloveniji. To je potovanje z ve\u010djim ciljem, notranjo rastjo in nepozabnimi gorski do\u017eivetji.","og_url":"https:\/\/outventure-x.com\/our-story\/","og_site_name":"OutventureX","article_publisher":"https:\/\/www.facebook.com\/BeActive.SportnaOblacila","article_modified_time":"2025-06-11T12:47:20+00:00","twitter_card":"summary_large_image","twitter_misc":{"Est. reading time":"3 minute"},"schema":{"@context":"https:\/\/schema.org","@graph":[{"@type":"WebPage","@id":"https:\/\/outventure-x.com\/our-story\/","url":"https:\/\/outventure-x.com\/our-story\/","name":"Na\u0161a zgodba | Transformacijska do\u017eivetja Slovenija - OVX","isPartOf":{"@id":"https:\/\/outventure-x.com\/#website"},"datePublished":"2024-01-24T16:55:23+00:00","dateModified":"2025-06-11T12:47:20+00:00","description":"OVX je ve\u010d kot pustolovsko potovanje v Sloveniji. To je potovanje z ve\u010djim ciljem, notranjo rastjo in nepozabnimi gorski do\u017eivetji.","inLanguage":"sl-SI","potentialAction":[{"@type":"ReadAction","target":["https:\/\/outventure-x.com\/our-story\/"]}]},{"@type":"WebSite","@id":"https:\/\/outventure-x.com\/#website","url":"https:\/\/outventure-x.com\/","name":"OutventureX","description":"test","publisher":{"@id":"https:\/\/outventure-x.com\/#organization"},"alternateName":"OutventureX","potentialAction":[{"@type":"SearchAction","target":{"@type":"EntryPoint","urlTemplate":"https:\/\/outventure-x.com\/?s={search_term_string}"},"query-input":"required name=search_term_string"}],"inLanguage":"sl-SI"},{"@type":"Organization","@id":"https:\/\/outventure-x.com\/#organization","name":"OutventureX","url":"https:\/\/outventure-x.com\/","logo":{"@type":"ImageObject","inLanguage":"sl-SI","@id":"https:\/\/outventure-x.com\/#\/schema\/logo\/image\/","url":"https:\/\/outventure-x.com\/wp-content\/uploads\/2023\/11\/OV_full.svg","contentUrl":"https:\/\/outventure-x.com\/wp-content\/uploads\/2023\/11\/OV_full.svg","width":"1024","height":"1024","caption":"OutventureX"},"image":{"@id":"https:\/\/outventure-x.com\/#\/schema\/logo\/image\/"},"sameAs":["https:\/\/www.facebook.com\/BeActive.SportnaOblacila","https:\/\/www.instagram.com\/outventure_x\/"]}]}},"_links":{"self":[{"href":"https:\/\/outventure-x.com\/sl\/wp-json\/wp\/v2\/pages\/2484"}],"collection":[{"href":"https:\/\/outventure-x.com\/sl\/wp-json\/wp\/v2\/pages"}],"about":[{"href":"https:\/\/outventure-x.com\/sl\/wp-json\/wp\/v2\/types\/page"}],"author":[{"embeddable":true,"href":"https:\/\/outventure-x.com\/sl\/wp-json\/wp\/v2\/users\/1"}],"replies":[{"embeddable":true,"href":"https:\/\/outventure-x.com\/sl\/wp-json\/wp\/v2\/comments?post=2484"}],"version-history":[{"count":5,"href":"https:\/\/outventure-x.com\/sl\/wp-json\/wp\/v2\/pages\/2484\/revisions"}],"predecessor-version":[{"id":5042,"href":"https:\/\/outventure-x.com\/sl\/wp-json\/wp\/v2\/pages\/2484\/revisions\/5042"}],"wp:attachment":[{"href":"https:\/\/outventure-x.com\/sl\/wp-json\/wp\/v2\/media?parent=2484"}],"curies":[{"name":"wp","href":"https:\/\/api.w.org\/{rel}","templated":true}]}}