{"id":2478,"date":"2024-01-22T21:08:26","date_gmt":"2024-01-22T20:08:26","guid":{"rendered":"https:\/\/outventure-x.com\/pohodnistvo\/"},"modified":"2025-09-11T11:24:41","modified_gmt":"2025-09-11T09:24:41","slug":"pohodnistvo","status":"publish","type":"page","link":"https:\/\/outventure-x.com\/sl\/pohodnistvo\/","title":{"rendered":"Pohodni\u0161tvo"},"content":{"rendered":"<p>[et_pb_section fb_built=&#8221;1&#8243; _builder_version=&#8221;4.23.1&#8243; _module_preset=&#8221;default&#8221; background_color=&#8221;rgba(8,48,40,0.4)&#8221; background_image=&#8221;https:\/\/outventure-x.com\/wp-content\/uploads\/2024\/01\/Triglav-HD_Jost_Gantar-1.jpg&#8221; background_blend=&#8221;darken&#8221; min_height=&#8221;500px&#8221; custom_css_free_form=&#8221;selector {||  display: flex;||}&#8221; locked=&#8221;off&#8221; global_colors_info=&#8221;{}&#8221;][et_pb_row _builder_version=&#8221;4.23.1&#8243; _module_preset=&#8221;default&#8221; global_colors_info=&#8221;{}&#8221;][et_pb_column type=&#8221;4_4&#8243; _builder_version=&#8221;4.23.1&#8243; _module_preset=&#8221;default&#8221; global_colors_info=&#8221;{}&#8221;][et_pb_heading title=&#8221;@ET-DC@eyJkeW5hbWljIjp0cnVlLCJjb250ZW50IjoicG9zdF90aXRsZSIsInNldHRpbmdzIjp7ImJlZm9yZSI6IiIsImFmdGVyIjoiIn19@&#8221; module_class=&#8221;product-title&#8221; _builder_version=&#8221;4.23.1&#8243; _dynamic_attributes=&#8221;title&#8221; _module_preset=&#8221;default&#8221; title_font=&#8221;|||on|||||&#8221; title_text_color=&#8221;#FFFFFF&#8221; title_font_size=&#8221;50px&#8221; custom_margin=&#8221;||0px||false|false&#8221; custom_padding=&#8221;||||false|false&#8221; title_font_size_tablet=&#8221;50px&#8221; title_font_size_phone=&#8221;30px&#8221; title_font_size_last_edited=&#8221;on|phone&#8221; global_colors_info=&#8221;{}&#8221;][\/et_pb_heading][et_pb_text _builder_version=&#8221;4.23.1&#8243; _module_preset=&#8221;default&#8221; text_font=&#8221;|||on|||||&#8221; text_text_color=&#8221;#FFFFFF&#8221; text_font_size=&#8221;15px&#8221; header_font=&#8221;|||on|||||&#8221; custom_margin=&#8221;||50px||false|false&#8221; custom_padding=&#8221;||||false|false&#8221; global_colors_info=&#8221;{}&#8221;]<\/p>\n<p>Izberi med na\u0161imi pohodnimi izleti<\/p>\n<p>[\/et_pb_text][\/et_pb_column][\/et_pb_row][\/et_pb_section][et_pb_section fb_built=&#8221;1&#8243; _builder_version=&#8221;4.23.1&#8243; _module_preset=&#8221;default&#8221; custom_margin=&#8221;||||false|false&#8221; custom_padding=&#8221;0px||0px||false|false&#8221; global_colors_info=&#8221;{}&#8221;][et_pb_row _builder_version=&#8221;4.23.1&#8243; _module_preset=&#8221;default&#8221; max_width=&#8221;100%&#8221; global_colors_info=&#8221;{}&#8221;][et_pb_column type=&#8221;4_4&#8243; _builder_version=&#8221;4.23.1&#8243; _module_preset=&#8221;default&#8221; global_colors_info=&#8221;{}&#8221;][et_pb_blurb title=&#8221;HIKING&#8221; image=&#8221;https:\/\/outventure-x.com\/wp-content\/uploads\/2024\/01\/OutVX-04.svg&#8221; icon_placement=&#8221;left&#8221; image_icon_width=&#8221;80px&#8221; _builder_version=&#8221;4.23.1&#8243; _module_preset=&#8221;default&#8221; header_level=&#8221;h2&#8243; custom_css_blurb_image=&#8221;margin-bottom: 10px;&#8221; custom_css_blurb_content=&#8221;max-width: none!important;||display: flex;||column-gap: 40px;||align-items: center;&#8221; global_colors_info=&#8221;{}&#8221;][\/et_pb_blurb][\/et_pb_column][\/et_pb_row][et_pb_row _builder_version=&#8221;4.23.1&#8243; _module_preset=&#8221;default&#8221; max_width=&#8221;100%&#8221; custom_padding=&#8221;0px||||false|false&#8221; global_colors_info=&#8221;{}&#8221;][et_pb_column type=&#8221;4_4&#8243; _builder_version=&#8221;4.23.1&#8243; _module_preset=&#8221;default&#8221; global_colors_info=&#8221;{}&#8221;][et_pb_db_php_code code=&#8221;$products = get_posts(array(<br \/>\n    &#8216;posts_per_page&#8217;    =&gt; -1,<br \/>\n    &#8216;post_type&#8217;         =&gt; &#8216;products&#8217;,<br \/>\n\t\t&#8216;category_name&#8217;    =&gt; &#8216;hiking&#8217;,<br \/>\n    &#8216;meta_key&#8217;       =&gt; &#8216;product-order&#8217;,<br \/>\n    &#8216;orderby&#8217;        =&gt; &#8216;meta_value_num&#8217;,<br \/>\n    &#8216;order&#8217;          =&gt; &#8216;ASC&#8217;,<br \/>\n));<\/p>\n<p>foreach ($products as &amp;$product) {<br \/>\n\t\t$prod_id = $product -&gt; ID;<br \/>\n\t\t$product-&gt;post_title;<br \/>\n\t\tget_field(&#8216;product-description-short&#8217;, $prod_id);<br \/>\n\t\tget_the_post_thumbnail( $prod_id ); ?&gt;<\/p>\n<p>&lt;div class=%22product-list%22&gt;<br \/>\n  &lt;div class=%22product-list-left%22&gt;<br \/>\n    &lt;div class=%22product-list-left-image%22 style=%22background: url(&lt;?php echo get_the_post_thumbnail_url( $prod_id ); ?&gt;);%22&gt;&lt;\/div&gt;<br \/>\n  &lt;\/div&gt;<br \/>\n  &lt;div class=%22product-list-right%22&gt;<br \/>\n    &lt;h3&gt;<br \/>\n      &lt;?php echo $product-&gt;post_title; ?&gt;<br \/>\n    &lt;\/h3&gt;<br \/>\n    &lt;div class=%22product-list-right-line%22&gt; &lt;\/div&gt;<br \/>\n    &lt;span&gt;&lt;?php echo get_field(&#8216;product-description-short&#8217;, $prod_id); ?&gt;&lt;\/span&gt;<br \/>\n    &lt;div class=%22product-list-action%22&gt;<br \/>\n      &lt;a href=%22&lt;?php echo get_post_permalink( $prod_id ); ?&gt;%22&gt;&lt;?php echo wpml_translate(&#8216;view_more&#8217;, &#8216;VIEW MORE&#8217;); ?&gt;&lt;\/a&gt;<br \/>\n  &lt;\/div&gt;<br \/>\n  &lt;\/div&gt;<br \/>\n&lt;\/div&gt;<\/p>\n<p>&lt;?php }&#8221; code_to_render=&#8221;\/* nonce:ignored *\/<br \/>\n$products = get_posts(array(<br \/>\n    &#8216;posts_per_page&#8217;    =&gt; -1,<br \/>\n    &#8216;post_type&#8217;         =&gt; &#8216;products&#8217;,<br \/>\n\t\t&#8216;category_name&#8217;    =&gt; &#8216;hiking&#8217;,<br \/>\n    &#8216;orderby&#8217;        =&gt; &#8216;meta_value_num&#8217;,<br \/>\n    &#8216;order&#8217;          =&gt; &#8216;ASC&#8217;,<br \/>\n));<\/p>\n<p>foreach ($products as &amp;$product) {<br \/>\n\t\t$prod_id = $product -&gt; ID;<br \/>\n\t\t$product-&gt;post_title;<br \/>\n\t\tget_field(&#8216;product-description-short&#8217;, $prod_id);<br \/>\n\t\tget_the_post_thumbnail( $prod_id ); ?&gt;<\/p>\n<p>&lt;div class=%22product-list%22&gt;<br \/>\n  &lt;div class=%22product-list-left%22&gt;<br \/>\n    &lt;div class=%22product-list-left-image%22 style=%22background: url(&lt;?php echo get_the_post_thumbnail_url( $prod_id ); ?&gt;);%22&gt;&lt;\/div&gt;<br \/>\n  &lt;\/div&gt;<br \/>\n  &lt;div class=%22product-list-right%22&gt;<br \/>\n    &lt;h3&gt;<br \/>\n      &lt;?php echo $product-&gt;post_title; ?&gt;<br \/>\n    &lt;\/h3&gt;<br \/>\n    &lt;div class=%22product-list-right-line%22&gt; &lt;\/div&gt;<br \/>\n    &lt;span&gt;&lt;?php echo get_field(&#8216;product-description-short&#8217;, $prod_id); ?&gt;&lt;\/span&gt;<br \/>\n    &lt;div class=%22product-list-action%22&gt;<br \/>\n      &lt;a href=%22&lt;?php echo get_post_permalink( $prod_id ); ?&gt;%22&gt;&lt;?php echo wpml_translate(&#8216;view_more&#8217;, &#8216;VIEW MORE&#8217;); ?&gt;&lt;\/a&gt;<br \/>\n  &lt;\/div&gt;<br \/>\n  &lt;\/div&gt;<br \/>\n&lt;\/div&gt;<\/p>\n<p>&lt;?php }&#8221; code_base64=&#8221;JHByb2R1Y3RzID0gZ2V0X3Bvc3RzKGFycmF5KAogICAgJ3Bvc3RzX3Blcl9wYWdlJyAgICA9PiAtMSwKICAgICdwb3N0X3R5cGUnICAgICAgICAgPT4gJ3Byb2R1Y3RzJywKCQknY2F0ZWdvcnlfbmFtZScgICAgPT4gJ2hpa2luZycsCiAgICAnbWV0YV9rZXknICAgICAgID0+ICdwcm9kdWN0LW9yZGVyJywKICAgICdvcmRlcmJ5JyAgICAgICAgPT4gJ21ldGFfdmFsdWVfbnVtJywKICAgICdvcmRlcicgICAgICAgICAgPT4gJ0FTQycsCikpOwoKZm9yZWFjaCAoJHByb2R1Y3RzIGFzICYkcHJvZHVjdCkgewoJCSRwcm9kX2lkID0gJHByb2R1Y3QgLT4gSUQ7CgkJJHByb2R1Y3QtPnBvc3RfdGl0bGU7CgkJZ2V0X2ZpZWxkKCdwcm9kdWN0LWRlc2NyaXB0aW9uLXNob3J0JywgJHByb2RfaWQpOwoJCWdldF90aGVfcG9zdF90aHVtYm5haWwoICRwcm9kX2lkICk7ID8+Cgo8ZGl2IGNsYXNzPSJwcm9kdWN0LWxpc3QiPgogIDxkaXYgY2xhc3M9InByb2R1Y3QtbGlzdC1sZWZ0Ij4KICAgIDxkaXYgY2xhc3M9InByb2R1Y3QtbGlzdC1sZWZ0LWltYWdlIiBzdHlsZT0iYmFja2dyb3VuZDogdXJsKDw\/cGhwIGVjaG8gZ2V0X3RoZV9wb3N0X3RodW1ibmFpbF91cmwoICRwcm9kX2lkICk7ID8+KTsiPjwvZGl2PgogIDwvZGl2PgogIDxkaXYgY2xhc3M9InByb2R1Y3QtbGlzdC1yaWdodCI+CiAgICA8aDM+CiAgICAgIDw\/cGhwIGVjaG8gJHByb2R1Y3QtPnBvc3RfdGl0bGU7ID8+CiAgICA8L2gzPgogICAgPGRpdiBjbGFzcz0icHJvZHVjdC1saXN0LXJpZ2h0LWxpbmUiPiA8L2Rpdj4KICAgIDxzcGFuPjw\/cGhwIGVjaG8gZ2V0X2ZpZWxkKCdwcm9kdWN0LWRlc2NyaXB0aW9uLXNob3J0JywgJHByb2RfaWQpOyA\/Pjwvc3Bhbj4KICAgIDxkaXYgY2xhc3M9InByb2R1Y3QtbGlzdC1hY3Rpb24iPgogICAgICA8YSBocmVmPSI8P3BocCBlY2hvIGdldF9wb3N0X3Blcm1hbGluayggJHByb2RfaWQgKTsgPz4iPjw\/cGhwIGVjaG8gd3BtbF90cmFuc2xhdGUoJ3ZpZXdfbW9yZScsICdWSUVXIE1PUkUnKTsgPz48L2E+CiAgPC9kaXY+CiAgPC9kaXY+CjwvZGl2PgoKPD9waHAgfQ==&#8221; code_hash=&#8221;f9b944f3dfcfc1da4d70aac2371624389727184e22a7a48372fcc10bf060edec&#8221; debug=&#8221;on&#8221; _builder_version=&#8221;4.23.1&#8243; _module_preset=&#8221;default&#8221; hover_enabled=&#8221;0&#8243; global_colors_info=&#8221;{}&#8221; sticky_enabled=&#8221;0&#8243;][\/et_pb_db_php_code][\/et_pb_column][\/et_pb_row][\/et_pb_section]<\/p>\n","protected":false},"excerpt":{"rendered":"<p>Izberi med na\u0161imi pohodnimi izleti<\/p>\n","protected":false},"author":1,"featured_media":0,"parent":0,"menu_order":0,"comment_status":"closed","ping_status":"closed","template":"","meta":{"_et_pb_use_builder":"on","_et_pb_old_content":"","_et_gb_content_width":"","inline_featured_image":false,"footnotes":"","_et_pb_custom_css":".product-list {\n    display: flex;\n    flex-wrap: wrap;\n    min-height: 250px;\n    column-gap: 20px;\n    margin-bottom: 50px;\n  }\n  \n  .product-list-left {\n    flex: 1 0 30%;\n    overflow:hidden;\n  }\n  \n  .product-list-left-image {\n    background: blue;\n    height: 100%;\n    min-width: 250px;\n    background: url(https:\/\/outventure-x.com\/wp-content\/uploads\/2024\/01\/Ice-climbing5.jpg);\n    background-size: cover !important;\n    background-position: 50% 50%;\n    border-radius: 3px;\n    min-height: 250px;\n    transition: transform 0.5s; \n\n  }\n  \n  .product-list:hover .product-list-left-image {\n\t transform: scale(1.1);\n\t}\n  \n  .product-list-right {\n    flex: 1 0 65%;\n    padding: 20px;\n  }\n  \n  .product-list .product-list-right-line {\n    height: 2px;\n    background: #083028;\n    width: 30%;\n    margin-bottom: 20px;\n\t\ttransition: width 0.5s; \n  }\n  \n  .product-list .product-list-action {\n    margin-top: 30px;\n    text-align: left;\n  }\n  \n  .product-list .product-list-action > a {\n    background: #083028;\n     font-family: 'Good times';\n    color: white !important;\n    padding: 10px 15px 10px 15px;\n    width: fit-content;\n    border-radius: 3px;\n    transition: background 0.3s; \n  }\n\n  .product-list .product-list-action > a:hover {\n    background: #fa2b00;\n  }\n  \n  .product-list:hover .product-list-right-line {\n\t width: 70%;\n\t}"},"acf":[],"_et_pb_custom_css":".product-list {\n    display: flex;\n    flex-wrap: wrap;\n    min-height: 250px;\n    column-gap: 20px;\n    margin-bottom: 50px;\n  }\n  \n  .product-list-left {\n    flex: 1 0 30%;\n    overflow:hidden;\n  }\n  \n  .product-list-left-image {\n    background: blue;\n    height: 100%;\n    min-width: 250px;\n    background: url(https:\/\/outventure-x.com\/wp-content\/uploads\/2024\/01\/Ice-climbing5.jpg);\n    background-size: cover !important;\n    background-position: 50% 50%;\n    border-radius: 3px;\n    min-height: 250px;\n    transition: transform 0.5s; \n\n  }\n  \n  .product-list:hover .product-list-left-image {\n\t transform: scale(1.1);\n\t}\n  \n  .product-list-right {\n    flex: 1 0 65%;\n    padding: 20px;\n  }\n  \n  .product-list .product-list-right-line {\n    height: 2px;\n    background: #083028;\n    width: 30%;\n    margin-bottom: 20px;\n\t\ttransition: width 0.5s; \n  }\n  \n  .product-list .product-list-action {\n    margin-top: 30px;\n    text-align: left;\n  }\n  \n  .product-list .product-list-action > a {\n    background: #083028;\n     font-family: 'Good times';\n    color: white !important;\n    padding: 10px 15px 10px 15px;\n    width: fit-content;\n    border-radius: 3px;\n    transition: background 0.3s; \n  }\n\n  .product-list .product-list-action > a:hover {\n    background: #fa2b00;\n  }\n  \n  .product-list:hover .product-list-right-line {\n\t width: 70%;\n\t}","yoast_head":"<!-- This site is optimized with the Yoast SEO plugin v21.9 - https:\/\/yoast.com\/wordpress\/plugins\/seo\/ -->\n<title>Vodene pohodni\u0161ke ture po Sloveniji<\/title>\n<meta name=\"description\" content=\"Pridru\u017eite se OVX-u na vodenih pohodni\u0161kih turah po Sloveniji. Odkrijte \u010dudovite poti, vzpostavite stik z naravo in se preizkusite v divji lepoti.\" \/>\n<meta name=\"robots\" content=\"index, follow, max-snippet:-1, max-image-preview:large, max-video-preview:-1\" \/>\n<link rel=\"canonical\" href=\"https:\/\/outventure-x.com\/guided-hiking-slovenia\/\" \/>\n<meta property=\"og:locale\" content=\"sl_SI\" \/>\n<meta property=\"og:type\" content=\"article\" \/>\n<meta property=\"og:title\" content=\"Vodene pohodni\u0161ke ture po Sloveniji\" \/>\n<meta property=\"og:description\" content=\"Pridru\u017eite se OVX-u na vodenih pohodni\u0161kih turah po Sloveniji. Odkrijte \u010dudovite poti, vzpostavite stik z naravo in se preizkusite v divji lepoti.\" \/>\n<meta property=\"og:url\" content=\"https:\/\/outventure-x.com\/guided-hiking-slovenia\/\" \/>\n<meta property=\"og:site_name\" content=\"OutventureX\" \/>\n<meta property=\"article:publisher\" content=\"https:\/\/www.facebook.com\/BeActive.SportnaOblacila\" \/>\n<meta property=\"article:modified_time\" content=\"2025-09-11T09:24:41+00:00\" \/>\n<meta name=\"twitter:card\" content=\"summary_large_image\" \/>\n<meta name=\"twitter:label1\" content=\"Est. reading time\" \/>\n\t<meta name=\"twitter:data1\" content=\"5 minut\" \/>\n<script type=\"application\/ld+json\" class=\"yoast-schema-graph\">{\"@context\":\"https:\/\/schema.org\",\"@graph\":[{\"@type\":\"WebPage\",\"@id\":\"https:\/\/outventure-x.com\/guided-hiking-slovenia\/\",\"url\":\"https:\/\/outventure-x.com\/guided-hiking-slovenia\/\",\"name\":\"Vodene pohodni\u0161ke ture po Sloveniji\",\"isPartOf\":{\"@id\":\"https:\/\/outventure-x.com\/#website\"},\"datePublished\":\"2024-01-22T20:08:26+00:00\",\"dateModified\":\"2025-09-11T09:24:41+00:00\",\"description\":\"Pridru\u017eite se OVX-u na vodenih pohodni\u0161kih turah po Sloveniji. Odkrijte \u010dudovite poti, vzpostavite stik z naravo in se preizkusite v divji lepoti.\",\"inLanguage\":\"sl-SI\",\"potentialAction\":[{\"@type\":\"ReadAction\",\"target\":[\"https:\/\/outventure-x.com\/guided-hiking-slovenia\/\"]}]},{\"@type\":\"WebSite\",\"@id\":\"https:\/\/outventure-x.com\/#website\",\"url\":\"https:\/\/outventure-x.com\/\",\"name\":\"OutventureX\",\"description\":\"test\",\"publisher\":{\"@id\":\"https:\/\/outventure-x.com\/#organization\"},\"alternateName\":\"OutventureX\",\"potentialAction\":[{\"@type\":\"SearchAction\",\"target\":{\"@type\":\"EntryPoint\",\"urlTemplate\":\"https:\/\/outventure-x.com\/?s={search_term_string}\"},\"query-input\":\"required name=search_term_string\"}],\"inLanguage\":\"sl-SI\"},{\"@type\":\"Organization\",\"@id\":\"https:\/\/outventure-x.com\/#organization\",\"name\":\"OutventureX\",\"url\":\"https:\/\/outventure-x.com\/\",\"logo\":{\"@type\":\"ImageObject\",\"inLanguage\":\"sl-SI\",\"@id\":\"https:\/\/outventure-x.com\/#\/schema\/logo\/image\/\",\"url\":\"https:\/\/outventure-x.com\/wp-content\/uploads\/2023\/11\/OV_full.svg\",\"contentUrl\":\"https:\/\/outventure-x.com\/wp-content\/uploads\/2023\/11\/OV_full.svg\",\"width\":\"1024\",\"height\":\"1024\",\"caption\":\"OutventureX\"},\"image\":{\"@id\":\"https:\/\/outventure-x.com\/#\/schema\/logo\/image\/\"},\"sameAs\":[\"https:\/\/www.facebook.com\/BeActive.SportnaOblacila\",\"https:\/\/www.instagram.com\/outventure_x\/\"]}]}<\/script>\n<!-- \/ Yoast SEO plugin. -->","yoast_head_json":{"title":"Vodene pohodni\u0161ke ture po Sloveniji","description":"Pridru\u017eite se OVX-u na vodenih pohodni\u0161kih turah po Sloveniji. Odkrijte \u010dudovite poti, vzpostavite stik z naravo in se preizkusite v divji lepoti.","robots":{"index":"index","follow":"follow","max-snippet":"max-snippet:-1","max-image-preview":"max-image-preview:large","max-video-preview":"max-video-preview:-1"},"canonical":"https:\/\/outventure-x.com\/guided-hiking-slovenia\/","og_locale":"sl_SI","og_type":"article","og_title":"Vodene pohodni\u0161ke ture po Sloveniji","og_description":"Pridru\u017eite se OVX-u na vodenih pohodni\u0161kih turah po Sloveniji. Odkrijte \u010dudovite poti, vzpostavite stik z naravo in se preizkusite v divji lepoti.","og_url":"https:\/\/outventure-x.com\/guided-hiking-slovenia\/","og_site_name":"OutventureX","article_publisher":"https:\/\/www.facebook.com\/BeActive.SportnaOblacila","article_modified_time":"2025-09-11T09:24:41+00:00","twitter_card":"summary_large_image","twitter_misc":{"Est. reading time":"5 minut"},"schema":{"@context":"https:\/\/schema.org","@graph":[{"@type":"WebPage","@id":"https:\/\/outventure-x.com\/guided-hiking-slovenia\/","url":"https:\/\/outventure-x.com\/guided-hiking-slovenia\/","name":"Vodene pohodni\u0161ke ture po Sloveniji","isPartOf":{"@id":"https:\/\/outventure-x.com\/#website"},"datePublished":"2024-01-22T20:08:26+00:00","dateModified":"2025-09-11T09:24:41+00:00","description":"Pridru\u017eite se OVX-u na vodenih pohodni\u0161kih turah po Sloveniji. Odkrijte \u010dudovite poti, vzpostavite stik z naravo in se preizkusite v divji lepoti.","inLanguage":"sl-SI","potentialAction":[{"@type":"ReadAction","target":["https:\/\/outventure-x.com\/guided-hiking-slovenia\/"]}]},{"@type":"WebSite","@id":"https:\/\/outventure-x.com\/#website","url":"https:\/\/outventure-x.com\/","name":"OutventureX","description":"test","publisher":{"@id":"https:\/\/outventure-x.com\/#organization"},"alternateName":"OutventureX","potentialAction":[{"@type":"SearchAction","target":{"@type":"EntryPoint","urlTemplate":"https:\/\/outventure-x.com\/?s={search_term_string}"},"query-input":"required name=search_term_string"}],"inLanguage":"sl-SI"},{"@type":"Organization","@id":"https:\/\/outventure-x.com\/#organization","name":"OutventureX","url":"https:\/\/outventure-x.com\/","logo":{"@type":"ImageObject","inLanguage":"sl-SI","@id":"https:\/\/outventure-x.com\/#\/schema\/logo\/image\/","url":"https:\/\/outventure-x.com\/wp-content\/uploads\/2023\/11\/OV_full.svg","contentUrl":"https:\/\/outventure-x.com\/wp-content\/uploads\/2023\/11\/OV_full.svg","width":"1024","height":"1024","caption":"OutventureX"},"image":{"@id":"https:\/\/outventure-x.com\/#\/schema\/logo\/image\/"},"sameAs":["https:\/\/www.facebook.com\/BeActive.SportnaOblacila","https:\/\/www.instagram.com\/outventure_x\/"]}]}},"_links":{"self":[{"href":"https:\/\/outventure-x.com\/sl\/wp-json\/wp\/v2\/pages\/2478"}],"collection":[{"href":"https:\/\/outventure-x.com\/sl\/wp-json\/wp\/v2\/pages"}],"about":[{"href":"https:\/\/outventure-x.com\/sl\/wp-json\/wp\/v2\/types\/page"}],"author":[{"embeddable":true,"href":"https:\/\/outventure-x.com\/sl\/wp-json\/wp\/v2\/users\/1"}],"replies":[{"embeddable":true,"href":"https:\/\/outventure-x.com\/sl\/wp-json\/wp\/v2\/comments?post=2478"}],"version-history":[{"count":11,"href":"https:\/\/outventure-x.com\/sl\/wp-json\/wp\/v2\/pages\/2478\/revisions"}],"predecessor-version":[{"id":5222,"href":"https:\/\/outventure-x.com\/sl\/wp-json\/wp\/v2\/pages\/2478\/revisions\/5222"}],"wp:attachment":[{"href":"https:\/\/outventure-x.com\/sl\/wp-json\/wp\/v2\/media?parent=2478"}],"curies":[{"name":"wp","href":"https:\/\/api.w.org\/{rel}","templated":true}]}}